{"id":3185,"date":"2025-04-11T13:23:55","date_gmt":"2025-04-11T11:23:55","guid":{"rendered":"http:\/\/htpqllg.cluster100.hosting.ovh.net\/politique-de-confidentialite\/"},"modified":"2025-09-08T17:25:02","modified_gmt":"2025-09-08T15:25:02","slug":"privacy-policy","status":"publish","type":"page","link":"https:\/\/thierrydemontbrial.com\/en\/privacy-policy\/","title":{"rendered":"Privacy Policy"},"content":{"rendered":"<p>Thierry de Montbrial&#8217;s website&#8217;s privacy policy is available in French<\/p>\n<p>&nbsp;<\/p>\n<p><strong>Editeur du site<\/strong><br \/>\nThierry de Montbrial \u2013 <a href=\"http:\/\/htpqllg.cluster100.hosting.ovh.net\/en\/contact\/\">Me contacter<\/a><\/p>\n<p>Adresse du notre site Web : https:\/\/thierrydemontbrial.com<\/p>\n<h2>Utilisation des donn\u00e9es personnelles collect\u00e9es<\/h2>\n<p><strong>Formulaires de contact<\/strong><br \/>\n<strong>Cookies<\/strong><br \/>\nSi vous d\u00e9posez un message sur notre site, il vous sera propos\u00e9 d\u2019enregistrer votre nom, adresse de messagerie. Cette demande est destin\u00e9 \u00e0 pouvoir r\u00e9pondre confort afin de ne pas avoir \u00e0 saisir ces informations si vous d\u00e9posez un autre commentaire plus tard. Ces cookies expirent au bout d\u2019un an.<\/p>\n<p>Si vous avez un compte et que vous vous connectez sur ce site, un cookie temporaire sera cr\u00e9\u00e9 afin de d\u00e9terminer si votre navigateur accepte les cookies. Il ne contient pas de donn\u00e9es personnelles et sera supprim\u00e9 automatiquement \u00e0 la fermeture de votre navigateur.<\/p>\n<p><strong>Contenu embarqu\u00e9 depuis d\u2019autres sites<\/strong><br \/>\nLes articles de ce site peuvent inclure des contenus int\u00e9gr\u00e9s (par exemple des vid\u00e9os, images, articles\u2026). Le contenu int\u00e9gr\u00e9 depuis d\u2019autres sites se comporte de la m\u00eame mani\u00e8re que si le visiteur se rendait sur cet autre site.<\/p>\n<p>Ces sites web pourraient collecter des donn\u00e9es sur vous, utiliser des cookies, embarquer des outils de suivis tiers, suivre vos interactions avec ces contenus embarqu\u00e9s si vous disposez d\u2019un compte connect\u00e9 sur leur site web.<\/p>\n<p><strong>Statistiques et mesures d\u2019audience<\/strong><\/p>\n<h2>Utilisation et transmission de vos donn\u00e9es personnelles<\/h2>\n<p><strong>Dur\u00e9es de stockage de vos donn\u00e9es<\/strong><br \/>\nSi vous laissez un commentaire, le commentaire et ses m\u00e9tadonn\u00e9es sont conserv\u00e9s ind\u00e9finiment. Cela permet de reconna\u00eetre et approuver automatiquement les commentaires suivants au lieu de les laisser dans la file de mod\u00e9ration.<\/p>\n<p>Pour les utilisateurs et utilisatrices qui s\u2019enregistrent sur notre site (si cela est possible), nous stockons \u00e9galement les donn\u00e9es personnelles indiqu\u00e9es dans leur profil. Tous les utilisateurs et utilisatrices peuvent voir, modifier ou supprimer leurs informations personnelles \u00e0 tout moment (\u00e0 l\u2019exception de leur nom d\u2019utilisateur\u00b7ice). Les gestionnaires du site peuvent aussi voir et modifier ces informations.<\/p>\n<h2>Transmission de vos donn\u00e9es personnelles<\/h2>\n<p>Les donn\u00e9es personnelles collect\u00e9es \u00e0 partir des formulaires de ce site ne sont pas transmises \u00e0 des tiers.<\/p>\n","protected":false},"excerpt":{"rendered":"<p>Thierry de Montbrial&#8217;s website&#8217;s privacy policy is available in French &nbsp; Editeur du site Thierry de Montbrial \u2013 Me contacter Adresse du notre site Web : https:\/\/thierrydemontbrial.com Utilisation des donn\u00e9es personnelles collect\u00e9es Formulaires de contact Cookies Si vous d\u00e9posez un message sur notre site, il vous sera propos\u00e9 d\u2019enregistrer votre nom, adresse de messagerie. Cette [&hellip;]<\/p>\n","protected":false},"author":1,"featured_media":0,"parent":0,"menu_order":27,"comment_status":"closed","ping_status":"open","template":"","meta":{"_acf_changed":false,"inline_featured_image":false,"footnotes":""},"class_list":["post-3185","page","type-page","status-publish","hentry"],"acf":[],"yoast_head":"<!-- This site is optimized with the Yoast SEO plugin v27.3 - https:\/\/yoast.com\/product\/yoast-seo-wordpress\/ -->\n<title>Privacy Policy - Thierry de Montbrial<\/title>\n<meta name=\"description\" content=\"Thierry de Montbrial&#039;s website&#039;s privacy policy (in French)\" \/>\n<meta name=\"robots\" content=\"index, follow, max-snippet:-1, max-image-preview:large, max-video-preview:-1\" \/>\n<link rel=\"canonical\" href=\"https:\/\/thierrydemontbrial.com\/en\/privacy-policy\/\" \/>\n<meta property=\"og:locale\" content=\"en_US\" \/>\n<meta property=\"og:type\" content=\"article\" \/>\n<meta property=\"og:title\" content=\"Privacy Policy - Thierry de Montbrial\" \/>\n<meta property=\"og:description\" content=\"Thierry de Montbrial&#039;s website&#039;s privacy policy (in French)\" \/>\n<meta property=\"og:url\" content=\"https:\/\/thierrydemontbrial.com\/en\/privacy-policy\/\" \/>\n<meta property=\"og:site_name\" content=\"Thierry de Montbrial\" \/>\n<meta property=\"article:modified_time\" content=\"2025-09-08T15:25:02+00:00\" \/>\n<meta name=\"twitter:card\" content=\"summary_large_image\" \/>\n<meta name=\"twitter:label1\" content=\"Est. reading time\" \/>\n\t<meta name=\"twitter:data1\" content=\"2 minutes\" \/>\n<script type=\"application\/ld+json\" class=\"yoast-schema-graph\">{\"@context\":\"https:\\\/\\\/schema.org\",\"@graph\":[{\"@type\":\"WebPage\",\"@id\":\"https:\\\/\\\/thierrydemontbrial.com\\\/en\\\/privacy-policy\\\/\",\"url\":\"https:\\\/\\\/thierrydemontbrial.com\\\/en\\\/privacy-policy\\\/\",\"name\":\"Privacy Policy - Thierry de Montbrial\",\"isPartOf\":{\"@id\":\"https:\\\/\\\/thierrydemontbrial.com\\\/#website\"},\"datePublished\":\"2025-04-11T11:23:55+00:00\",\"dateModified\":\"2025-09-08T15:25:02+00:00\",\"description\":\"Thierry de Montbrial's website's privacy policy (in French)\",\"breadcrumb\":{\"@id\":\"https:\\\/\\\/thierrydemontbrial.com\\\/en\\\/privacy-policy\\\/#breadcrumb\"},\"inLanguage\":\"en-US\",\"potentialAction\":[{\"@type\":\"ReadAction\",\"target\":[\"https:\\\/\\\/thierrydemontbrial.com\\\/en\\\/privacy-policy\\\/\"]}]},{\"@type\":\"BreadcrumbList\",\"@id\":\"https:\\\/\\\/thierrydemontbrial.com\\\/en\\\/privacy-policy\\\/#breadcrumb\",\"itemListElement\":[{\"@type\":\"ListItem\",\"position\":1,\"name\":\"Accueil\",\"item\":\"https:\\\/\\\/thierrydemontbrial.com\\\/en\\\/\"},{\"@type\":\"ListItem\",\"position\":2,\"name\":\"Privacy Policy\"}]},{\"@type\":\"WebSite\",\"@id\":\"https:\\\/\\\/thierrydemontbrial.com\\\/#website\",\"url\":\"https:\\\/\\\/thierrydemontbrial.com\\\/\",\"name\":\"Thierry de Montbrial\",\"description\":\"\",\"potentialAction\":[{\"@type\":\"SearchAction\",\"target\":{\"@type\":\"EntryPoint\",\"urlTemplate\":\"https:\\\/\\\/thierrydemontbrial.com\\\/?s={search_term_string}\"},\"query-input\":{\"@type\":\"PropertyValueSpecification\",\"valueRequired\":true,\"valueName\":\"search_term_string\"}}],\"inLanguage\":\"en-US\"}]}<\/script>\n<!-- \/ Yoast SEO plugin. -->","yoast_head_json":{"title":"Privacy Policy - Thierry de Montbrial","description":"Thierry de Montbrial's website's privacy policy (in French)","robots":{"index":"index","follow":"follow","max-snippet":"max-snippet:-1","max-image-preview":"max-image-preview:large","max-video-preview":"max-video-preview:-1"},"canonical":"https:\/\/thierrydemontbrial.com\/en\/privacy-policy\/","og_locale":"en_US","og_type":"article","og_title":"Privacy Policy - Thierry de Montbrial","og_description":"Thierry de Montbrial's website's privacy policy (in French)","og_url":"https:\/\/thierrydemontbrial.com\/en\/privacy-policy\/","og_site_name":"Thierry de Montbrial","article_modified_time":"2025-09-08T15:25:02+00:00","twitter_card":"summary_large_image","twitter_misc":{"Est. reading time":"2 minutes"},"schema":{"@context":"https:\/\/schema.org","@graph":[{"@type":"WebPage","@id":"https:\/\/thierrydemontbrial.com\/en\/privacy-policy\/","url":"https:\/\/thierrydemontbrial.com\/en\/privacy-policy\/","name":"Privacy Policy - Thierry de Montbrial","isPartOf":{"@id":"https:\/\/thierrydemontbrial.com\/#website"},"datePublished":"2025-04-11T11:23:55+00:00","dateModified":"2025-09-08T15:25:02+00:00","description":"Thierry de Montbrial's website's privacy policy (in French)","breadcrumb":{"@id":"https:\/\/thierrydemontbrial.com\/en\/privacy-policy\/#breadcrumb"},"inLanguage":"en-US","potentialAction":[{"@type":"ReadAction","target":["https:\/\/thierrydemontbrial.com\/en\/privacy-policy\/"]}]},{"@type":"BreadcrumbList","@id":"https:\/\/thierrydemontbrial.com\/en\/privacy-policy\/#breadcrumb","itemListElement":[{"@type":"ListItem","position":1,"name":"Accueil","item":"https:\/\/thierrydemontbrial.com\/en\/"},{"@type":"ListItem","position":2,"name":"Privacy Policy"}]},{"@type":"WebSite","@id":"https:\/\/thierrydemontbrial.com\/#website","url":"https:\/\/thierrydemontbrial.com\/","name":"Thierry de Montbrial","description":"","potentialAction":[{"@type":"SearchAction","target":{"@type":"EntryPoint","urlTemplate":"https:\/\/thierrydemontbrial.com\/?s={search_term_string}"},"query-input":{"@type":"PropertyValueSpecification","valueRequired":true,"valueName":"search_term_string"}}],"inLanguage":"en-US"}]}},"_links":{"self":[{"href":"https:\/\/thierrydemontbrial.com\/en\/wp-json\/wp\/v2\/pages\/3185","targetHints":{"allow":["GET"]}}],"collection":[{"href":"https:\/\/thierrydemontbrial.com\/en\/wp-json\/wp\/v2\/pages"}],"about":[{"href":"https:\/\/thierrydemontbrial.com\/en\/wp-json\/wp\/v2\/types\/page"}],"author":[{"embeddable":true,"href":"https:\/\/thierrydemontbrial.com\/en\/wp-json\/wp\/v2\/users\/1"}],"replies":[{"embeddable":true,"href":"https:\/\/thierrydemontbrial.com\/en\/wp-json\/wp\/v2\/comments?post=3185"}],"version-history":[{"count":4,"href":"https:\/\/thierrydemontbrial.com\/en\/wp-json\/wp\/v2\/pages\/3185\/revisions"}],"predecessor-version":[{"id":4246,"href":"https:\/\/thierrydemontbrial.com\/en\/wp-json\/wp\/v2\/pages\/3185\/revisions\/4246"}],"wp:attachment":[{"href":"https:\/\/thierrydemontbrial.com\/en\/wp-json\/wp\/v2\/media?parent=3185"}],"curies":[{"name":"wp","href":"https:\/\/api.w.org\/{rel}","templated":true}]}}