{"id":3176,"date":"2025-05-13T17:35:24","date_gmt":"2025-05-13T15:35:24","guid":{"rendered":"http:\/\/htpqllg.cluster100.hosting.ovh.net\/mentions-legales\/"},"modified":"2025-09-08T17:20:55","modified_gmt":"2025-09-08T15:20:55","slug":"legal-mentions","status":"publish","type":"page","link":"https:\/\/thierrydemontbrial.com\/en\/legal-mentions\/","title":{"rendered":"Legal mentions"},"content":{"rendered":"<p>Thierry de Montbrial&#8217;s legal mentions are available in French.<\/p>\n<p>L\u2019utilisation de ce site implique l\u2019acceptation des pr\u00e9sentes conditions d\u2019utilisation qui suivent, et le respect de l\u2019ensemble de la r\u00e9glementation applicable \u00e0 ce mode de communication. Le site www.thierrydemontbrial.com pr\u00e9sente des informations sur Thierry de Montbrial. Il ne peut \u00eatre garanti qu\u2019elles soient, \u00e0 tout moment compl\u00e8tes et \u00e0 jour. Il appartient au visiteur d\u2019obtenir toute confirmation par d\u2019autres moyens, y compris en nous contactant pour des informations compl\u00e9mentaires.<br \/>\nNous nous r\u00e9servons le droit de modifier ou corriger le contenu du site ainsi que les pr\u00e9sentes conditions g\u00e9n\u00e9rales, \u00e0 tout moment.<br \/>\nVous \u00eates actuellement connect\u00e9 sur le site internet de Thierry de Montbrial. Ce site a pour objet de mettre gratuitement \u00e0 disposition des publications et des informations le concernant.<\/p>\n<p><strong>Editeur du site :<\/strong> Le pr\u00e9sent site www.thierrydemontbrial.com est la propri\u00e9t\u00e9 de Thierry de Montbrial. Contact : contact@thierrydemontbrial.com<\/p>\n<p><strong>Conception, direction artistique, d\u00e9veloppement et maintenance :<\/strong> \u00e5bility, 84 avenue de la R\u00e9publique, 75011 Paris | https:\/\/ability.paris\/<\/p>\n<p><strong>H\u00e9bergeur:<br \/>\n<\/strong>OVH RCS Roubaix \u2013 Tourcoing 424 761 419 00045 Code APE 6202A<br \/>\nN\u00b0 TVA : FR 22 424 761 419<br \/>\nSi\u00e8ge social : 2 rue Kellermann &#8211; 59100 Roubaix &#8211; France<\/p>\n<p><strong>Propri\u00e9t\u00e9 intellectuelle<\/strong><br \/>\nLes textes, photos, images, vid\u00e9os, sons, graphismes, documents t\u00e9l\u00e9chargeables, bases de donn\u00e9es et tout autre \u00e9l\u00e9ment composant le site sont prot\u00e9g\u00e9s par la l\u00e9gislation en vigueur sur le droit d\u2019auteur et demeurent la propri\u00e9t\u00e9 exclusive de Thierry de Montbrial, sauf mention sp\u00e9cifique. Toute utilisation, reproduction ou modification, int\u00e9grale ou partielle, des textes ou illustrations, par quelque proc\u00e9d\u00e9 que ce soit, faites sans notre autorisation \u00e9crite et expresse, sont r\u00e9put\u00e9es illicites et pourront faire l\u2019objet de poursuites judiciaires.<br \/>\nLes demandes d\u2019autorisation de reproduction ou de repr\u00e9sentation d\u2019un contenu doivent \u00eatre adress\u00e9es \u00e0 Thierry de Montbrial \u00e0 l\u2019adresse suivante : contact@thierrydemontbrial.com.<br \/>\nLa demande devra pr\u00e9ciser le contenu vis\u00e9 ainsi que le site ou le support sur lequel ce dernier figurera. Une fois, cette autorisation obtenue, la reproduction d\u2019un contenu doit \u00eatre assortie de la mention : \u00ab source : site de Thierry de Montbrial \u00bb ; cette mention pointera gr\u00e2ce \u00e0 un lien hypertexte directement sur le contenu.<br \/>\nLes informations utilis\u00e9es ne doivent l\u2019\u00eatre qu\u2019\u00e0 des fins personnelles, associatives ou professionnelles, toute diffusion ou utilisation \u00e0 des fins commerciales ou publicitaires \u00e9tant exclues.<\/p>\n<p><strong>Liens<\/strong><br \/>\nL\u2019acc\u00e8s par lien aux informations d\u2019autres sites est une simple facult\u00e9 mise \u00e0 disposition du visiteur. Il n\u2019implique en aucune fa\u00e7on notre responsabilit\u00e9 sur le contenu de ces sites ou l\u2019utilisation qui peut en \u00eatre faite. La cr\u00e9ation d\u2019un lien hypertexte avec le site www.thierrydemontbrial.com ne peut \u00eatre faite qu\u2019avec l\u2019accord pr\u00e9alable et \u00e9crit de Thierry de Montbrial.<\/p>\n<p><strong>Cookies<\/strong><br \/>\nUn cookie est un petit fichier texte qui est t\u00e9l\u00e9charg\u00e9 sur votre appareil lorsque vous acc\u00e9dez \u00e0 un site internet.<br \/>\nLes cookies sont de petits fichiers de donn\u00e9es envoy\u00e9s au navigateur internet que vous utilisez par le site internet que vous visitez. Leur r\u00f4le principal est de faciliter votre navigation sur le site de l\u2019Ifri en se souvenant par exemple de vos pr\u00e9f\u00e9rences utilisateur, ou dans un but d\u2019am\u00e9lioration de l\u2019exp\u00e9rience utilisateur. Ces cookies peuvent ensuite \u00eatre stock\u00e9s sur votre ordinateur pour identifier votre ordinateur.<br \/>\nEn r\u00e9sum\u00e9, les cookies nous aident \u00e0 vous offrir une bonne exp\u00e9rience de navigation sur notre site internet et d\u2019am\u00e9liorer ce dernier.<br \/>\nToutefois, vous avez la possibilit\u00e9 de configurer la plupart des cookies en passant par les param\u00e8tres de vos navigateurs internet.<br \/>\nVous b\u00e9n\u00e9ficiez d\u2019un droit d\u2019acc\u00e8s \u00e0 vos donn\u00e9es personnelles. Vous pouvez demander que vos donn\u00e9es personnelles soient rectifi\u00e9es ou supprim\u00e9es. Vous avez \u00e9galement le droit de vous opposer au traitement de vos donn\u00e9es personnelles ou d\u2019en demander la limitation de traitement. Vous pouvez exercer ce droit en envoyant un courriel \u00e0 contact@thierrydemontbrial.com.<\/p>\n<p><strong>Les cookies collect\u00e9s sur ce site<\/strong><br \/>\n<em><br \/>\n<strong>WordPress :<\/strong><\/em><br \/>\nSi vous d\u00e9posez un commentaire sur notre site, il vous sera propos\u00e9 d\u2019enregistrer votre nom, adresse e-mail et site dans des cookies. C\u2019est uniquement pour votre confort afin de ne pas avoir \u00e0 saisir ces informations si vous d\u00e9posez un autre commentaire plus tard. Ces cookies expirent au bout d\u2019un an.<br \/>\nSi vous vous rendez sur la page de connexion, un cookie temporaire sera cr\u00e9\u00e9 afin de d\u00e9terminer si votre navigateur accepte les cookies. Il ne contient pas de donn\u00e9es personnelles et sera supprim\u00e9 automatiquement \u00e0 la fermeture de votre navigateur.<br \/>\nLorsque vous vous connecterez, nous mettrons en place un certain nombre de cookies pour enregistrer vos informations de connexion et vos pr\u00e9f\u00e9rences d\u2019\u00e9cran. La dur\u00e9e de vie d\u2019un cookie de connexion est de deux jours, celle d\u2019un cookie d\u2019option d\u2019\u00e9cran est d\u2019un an. Si vous cochez \u00ab Se souvenir de moi \u00bb, votre cookie de connexion sera conserv\u00e9 pendant deux semaines. Si vous vous d\u00e9connectez de votre compte, le cookie de connexion sera effac\u00e9.<br \/>\nEn modifiant ou en publiant une publication, un cookie suppl\u00e9mentaire sera enregistr\u00e9 dans votre navigateur. Ce cookie ne comprend aucune donn\u00e9e personnelle. Il indique simplement l\u2019ID de la publication que vous venez de modifier. Il expire au bout d\u2019un jour.<\/p>\n<p><em><strong>Wpml :<\/strong><\/em><br \/>\nWPML permet le fonctionnement multilingue de ce site. WPML utilise des cookies pour identifier la langue actuelle du visiteur, la langue derni\u00e8rement consult\u00e9e et la langue des utilisateurs qui se sont connect\u00e9s. WPML partagera des donn\u00e9es concernant le site \u00e0 travers Installer. Aucune donn\u00e9e concernant directement l\u2019utilisateur ne sera partag\u00e9e.<\/p>\n<p><strong>Solid security :<\/strong><em><br \/>\nL\u2019adresse IP des visiteurs, l\u2019ID des utilisateurs connect\u00e9s et les identifiants des tentatives de connexion sont enregistr\u00e9s conditionnellement pour v\u00e9rifier l\u2019activit\u00e9 malveillante et prot\u00e9ger le site contre des types sp\u00e9cifiques d\u2019attaques. Exemples de conditions lors de la connexion : tentatives de connexion, demandes de d\u00e9connexion, demandes d\u2019URL suspectes, modifications du contenu du site et mises \u00e0 jour du mot de passe. Ces informations sont conserv\u00e9es pendant 60 jours.<\/em><\/p>\n<p><strong>Politique de protection des donn\u00e9es<\/strong><em><br \/>\nConform\u00e9ment au R\u00e8glement (UE) 2016\/679 du Parlement europ\u00e9en et du Conseil du 27 avril 2016 (\u00ab R\u00e8glement G\u00e9n\u00e9ral sur la Protection des Donn\u00e9es \u00bb, ou \u00ab RGPD \u00bb) et \u00e0 la loi n\u00b0 78-17 du 6 janvier 1978 modifi\u00e9e, relative \u00e0 l\u2019informatique, aux fichiers et aux libert\u00e9s et ses textes d\u2019application, le traitement des donn\u00e9es \u00e0 caract\u00e8re personnel communiqu\u00e9es par l\u2019utilisateur est soumis au consentement de celui-ci, au moment de la collecte desdites donn\u00e9es.<\/em><\/p>\n<p><strong>Responsabilit\u00e9<\/strong><br \/>\nL\u2019utilisation du site se fait sous la seule responsabilit\u00e9 du visiteur. L\u2019\u00e9diteur, Thierry de Montbrial, ne pourra en aucun cas \u00eatre tenu responsable pour les dommages, directs ou indirects, pouvant survenir suite \u00e0 l\u2019utilisation du site ou aux d\u00e9cisions prises sur la base des informations qui s\u2019y trouvent.<br \/>\nNous d\u00e9clinons toute responsabilit\u00e9 de tout dommage r\u00e9sultant de l\u2019utilisation du site, du r\u00e9seau internet et des syst\u00e8mes informatiques et de t\u00e9l\u00e9communication. Thierry de Montbrial s\u2019engage \u00e0 faire tout son possible a fin que le site soit accessible 24h\/24 7j\/7. Toutefois, il ne prend aucun engagement quant \u00e0 la disponibilit\u00e9 et l\u2019accessibilit\u00e9 permanente du site et ne garantit pas que le site soit exempt d\u2019erreurs. Il pourrait \u00eatre contraint d\u2019interrompre temporairement l\u2019acc\u00e8s au site, notamment pour des besoins de maintenance technique, sans engager sa responsabilit\u00e9 de quelque mani\u00e8re que ce soit.<\/p>\n<p><strong>Cr\u00e9dits photographiques<\/strong><br \/>\nLes photos publi\u00e9es sur le site internet www.thierrydemontbrial.com sont la propri\u00e9t\u00e9 de Thierry de Montbrial ou de ses partenaires.<br \/>\nToute utilisation de ces visuels photographiques est strictement interdite sans une autorisation \u00e9crite pr\u00e9alable de Thierry de Montbrial (contact@thierrydemontbrial.com).<\/p>\n<p>\u2014-<\/p>\n<p>Les conditions g\u00e9n\u00e9rales d\u2019utilisation sont express\u00e9ment soumises aux dispositions du code de la propri\u00e9t\u00e9 intellectuelle.<\/p>\n<p>Les pr\u00e9sentes conditions g\u00e9n\u00e9rales respectent les dispositions l\u00e9gislatives fran\u00e7aises, et sont du ressort exclusif de la comp\u00e9tence des tribunaux fran\u00e7ais.<\/p>\n","protected":false},"excerpt":{"rendered":"<p>Thierry de Montbrial&#8217;s legal mentions are available in French. L\u2019utilisation de ce site implique l\u2019acceptation des pr\u00e9sentes conditions d\u2019utilisation qui suivent, et le respect de l\u2019ensemble de la r\u00e9glementation applicable \u00e0 ce mode de communication. Le site www.thierrydemontbrial.com pr\u00e9sente des informations sur Thierry de Montbrial. Il ne peut \u00eatre garanti qu\u2019elles soient, \u00e0 tout moment [&hellip;]<\/p>\n","protected":false},"author":1,"featured_media":0,"parent":0,"menu_order":0,"comment_status":"closed","ping_status":"closed","template":"","meta":{"_acf_changed":false,"inline_featured_image":false,"footnotes":""},"class_list":["post-3176","page","type-page","status-publish","hentry"],"acf":[],"yoast_head":"<!-- This site is optimized with the Yoast SEO plugin v27.3 - https:\/\/yoast.com\/product\/yoast-seo-wordpress\/ -->\n<title>Legal mentions - Thierry de Montbrial<\/title>\n<meta name=\"description\" content=\"Thierry de Montbrial&#039;s webesite&#039;s legal mentions\" \/>\n<meta name=\"robots\" content=\"index, follow, max-snippet:-1, max-image-preview:large, max-video-preview:-1\" \/>\n<link rel=\"canonical\" href=\"https:\/\/thierrydemontbrial.com\/en\/legal-mentions\/\" \/>\n<meta property=\"og:locale\" content=\"en_US\" \/>\n<meta property=\"og:type\" content=\"article\" \/>\n<meta property=\"og:title\" content=\"Legal mentions - Thierry de Montbrial\" \/>\n<meta property=\"og:description\" content=\"Thierry de Montbrial&#039;s webesite&#039;s legal mentions\" \/>\n<meta property=\"og:url\" content=\"https:\/\/thierrydemontbrial.com\/en\/legal-mentions\/\" \/>\n<meta property=\"og:site_name\" content=\"Thierry de Montbrial\" \/>\n<meta property=\"article:modified_time\" content=\"2025-09-08T15:20:55+00:00\" \/>\n<meta name=\"twitter:card\" content=\"summary_large_image\" \/>\n<script type=\"application\/ld+json\" class=\"yoast-schema-graph\">{\"@context\":\"https:\\\/\\\/schema.org\",\"@graph\":[{\"@type\":\"WebPage\",\"@id\":\"https:\\\/\\\/thierrydemontbrial.com\\\/en\\\/legal-mentions\\\/\",\"url\":\"https:\\\/\\\/thierrydemontbrial.com\\\/en\\\/legal-mentions\\\/\",\"name\":\"Legal mentions - Thierry de Montbrial\",\"isPartOf\":{\"@id\":\"https:\\\/\\\/thierrydemontbrial.com\\\/#website\"},\"datePublished\":\"2025-05-13T15:35:24+00:00\",\"dateModified\":\"2025-09-08T15:20:55+00:00\",\"description\":\"Thierry de Montbrial's webesite's legal mentions\",\"breadcrumb\":{\"@id\":\"https:\\\/\\\/thierrydemontbrial.com\\\/en\\\/legal-mentions\\\/#breadcrumb\"},\"inLanguage\":\"en-US\",\"potentialAction\":[{\"@type\":\"ReadAction\",\"target\":[\"https:\\\/\\\/thierrydemontbrial.com\\\/en\\\/legal-mentions\\\/\"]}]},{\"@type\":\"BreadcrumbList\",\"@id\":\"https:\\\/\\\/thierrydemontbrial.com\\\/en\\\/legal-mentions\\\/#breadcrumb\",\"itemListElement\":[{\"@type\":\"ListItem\",\"position\":1,\"name\":\"Accueil\",\"item\":\"https:\\\/\\\/thierrydemontbrial.com\\\/en\\\/\"},{\"@type\":\"ListItem\",\"position\":2,\"name\":\"Legal mentions\"}]},{\"@type\":\"WebSite\",\"@id\":\"https:\\\/\\\/thierrydemontbrial.com\\\/#website\",\"url\":\"https:\\\/\\\/thierrydemontbrial.com\\\/\",\"name\":\"Thierry de Montbrial\",\"description\":\"\",\"potentialAction\":[{\"@type\":\"SearchAction\",\"target\":{\"@type\":\"EntryPoint\",\"urlTemplate\":\"https:\\\/\\\/thierrydemontbrial.com\\\/?s={search_term_string}\"},\"query-input\":{\"@type\":\"PropertyValueSpecification\",\"valueRequired\":true,\"valueName\":\"search_term_string\"}}],\"inLanguage\":\"en-US\"}]}<\/script>\n<!-- \/ Yoast SEO plugin. -->","yoast_head_json":{"title":"Legal mentions - Thierry de Montbrial","description":"Thierry de Montbrial's webesite's legal mentions","robots":{"index":"index","follow":"follow","max-snippet":"max-snippet:-1","max-image-preview":"max-image-preview:large","max-video-preview":"max-video-preview:-1"},"canonical":"https:\/\/thierrydemontbrial.com\/en\/legal-mentions\/","og_locale":"en_US","og_type":"article","og_title":"Legal mentions - Thierry de Montbrial","og_description":"Thierry de Montbrial's webesite's legal mentions","og_url":"https:\/\/thierrydemontbrial.com\/en\/legal-mentions\/","og_site_name":"Thierry de Montbrial","article_modified_time":"2025-09-08T15:20:55+00:00","twitter_card":"summary_large_image","schema":{"@context":"https:\/\/schema.org","@graph":[{"@type":"WebPage","@id":"https:\/\/thierrydemontbrial.com\/en\/legal-mentions\/","url":"https:\/\/thierrydemontbrial.com\/en\/legal-mentions\/","name":"Legal mentions - Thierry de Montbrial","isPartOf":{"@id":"https:\/\/thierrydemontbrial.com\/#website"},"datePublished":"2025-05-13T15:35:24+00:00","dateModified":"2025-09-08T15:20:55+00:00","description":"Thierry de Montbrial's webesite's legal mentions","breadcrumb":{"@id":"https:\/\/thierrydemontbrial.com\/en\/legal-mentions\/#breadcrumb"},"inLanguage":"en-US","potentialAction":[{"@type":"ReadAction","target":["https:\/\/thierrydemontbrial.com\/en\/legal-mentions\/"]}]},{"@type":"BreadcrumbList","@id":"https:\/\/thierrydemontbrial.com\/en\/legal-mentions\/#breadcrumb","itemListElement":[{"@type":"ListItem","position":1,"name":"Accueil","item":"https:\/\/thierrydemontbrial.com\/en\/"},{"@type":"ListItem","position":2,"name":"Legal mentions"}]},{"@type":"WebSite","@id":"https:\/\/thierrydemontbrial.com\/#website","url":"https:\/\/thierrydemontbrial.com\/","name":"Thierry de Montbrial","description":"","potentialAction":[{"@type":"SearchAction","target":{"@type":"EntryPoint","urlTemplate":"https:\/\/thierrydemontbrial.com\/?s={search_term_string}"},"query-input":{"@type":"PropertyValueSpecification","valueRequired":true,"valueName":"search_term_string"}}],"inLanguage":"en-US"}]}},"_links":{"self":[{"href":"https:\/\/thierrydemontbrial.com\/en\/wp-json\/wp\/v2\/pages\/3176","targetHints":{"allow":["GET"]}}],"collection":[{"href":"https:\/\/thierrydemontbrial.com\/en\/wp-json\/wp\/v2\/pages"}],"about":[{"href":"https:\/\/thierrydemontbrial.com\/en\/wp-json\/wp\/v2\/types\/page"}],"author":[{"embeddable":true,"href":"https:\/\/thierrydemontbrial.com\/en\/wp-json\/wp\/v2\/users\/1"}],"replies":[{"embeddable":true,"href":"https:\/\/thierrydemontbrial.com\/en\/wp-json\/wp\/v2\/comments?post=3176"}],"version-history":[{"count":3,"href":"https:\/\/thierrydemontbrial.com\/en\/wp-json\/wp\/v2\/pages\/3176\/revisions"}],"predecessor-version":[{"id":4244,"href":"https:\/\/thierrydemontbrial.com\/en\/wp-json\/wp\/v2\/pages\/3176\/revisions\/4244"}],"wp:attachment":[{"href":"https:\/\/thierrydemontbrial.com\/en\/wp-json\/wp\/v2\/media?parent=3176"}],"curies":[{"name":"wp","href":"https:\/\/api.w.org\/{rel}","templated":true}]}}